{"id":1360,"date":"2023-07-27T12:26:35","date_gmt":"2023-07-27T10:26:35","guid":{"rendered":"https:\/\/essentiallymoving.com\/?page_id=1360"},"modified":"2023-11-02T13:38:07","modified_gmt":"2023-11-02T11:38:07","slug":"datenschutzerklaerung","status":"publish","type":"page","link":"https:\/\/essentiallymoving.com\/de\/datenschutzerklaerung\/","title":{"rendered":"Datenschutzerkl\u00e4rung"},"content":{"rendered":"\n<a href=\"https:\/\/www.iubenda.com\/privacy-policy\/87095006\" class=\"iubenda-white no-brand iubenda-noiframe iubenda-embed iub-no-markup iubenda-noiframe iub-body-embed\" title=\"Datenschutzerkl\u00e4rung\">Datenschutzerkl\u00e4rung<\/a>\n<script type=\"text\/javascript\">(function (w,d) {var loader = function () {var s = d.createElement(\"script\"), tag = d.getElementsByTagName(\"script\")[0]; s.src=\"https:\/\/cdn.iubenda.com\/iubenda.js\"; tag.parentNode.insertBefore(s,tag);}; if(w.addEventListener){w.addEventListener(\"load\", loader, false);}else if(w.attachEvent){w.attachEvent(\"onload\", loader);}else{w.onload = loader;}})(window, document);\n<\/script>\n<noscript>\n<h2>Schade!<\/h2>\n<p>F\u00fcr diese Seite ist Javascript erforderlich, um den Inhalt zu laden.<\/p>\n<p>Zum Gl\u00fcck kann man auch hier lesen: <a href=\"https:\/\/www.iubenda.com\/privacy-policy\/87095006\">Datenschutzerkl\u00e4rung<\/a>\n<\/p>\n<\/noscript>\n","protected":false},"excerpt":{"rendered":"<p>Datenschutzerkl\u00e4rung Schade! F\u00fcr diese Seite ist Javascript erforderlich, um den Inhalt zu laden. Zum Gl\u00fcck kann man auch hier lesen: Datenschutzerkl\u00e4rung<\/p>\n","protected":false},"author":2,"featured_media":0,"parent":0,"menu_order":0,"comment_status":"closed","ping_status":"closed","template":"","meta":{"footnotes":""},"_links":{"self":[{"href":"https:\/\/essentiallymoving.com\/de\/wp-json\/wp\/v2\/pages\/1360"}],"collection":[{"href":"https:\/\/essentiallymoving.com\/de\/wp-json\/wp\/v2\/pages"}],"about":[{"href":"https:\/\/essentiallymoving.com\/de\/wp-json\/wp\/v2\/types\/page"}],"author":[{"embeddable":true,"href":"https:\/\/essentiallymoving.com\/de\/wp-json\/wp\/v2\/users\/2"}],"replies":[{"embeddable":true,"href":"https:\/\/essentiallymoving.com\/de\/wp-json\/wp\/v2\/comments?post=1360"}],"version-history":[{"count":6,"href":"https:\/\/essentiallymoving.com\/de\/wp-json\/wp\/v2\/pages\/1360\/revisions"}],"predecessor-version":[{"id":1390,"href":"https:\/\/essentiallymoving.com\/de\/wp-json\/wp\/v2\/pages\/1360\/revisions\/1390"}],"wp:attachment":[{"href":"https:\/\/essentiallymoving.com\/de\/wp-json\/wp\/v2\/media?parent=1360"}],"curies":[{"name":"wp","href":"https:\/\/api.w.org\/{rel}","templated":true}]}}