{"id":601,"date":"2017-09-22T16:11:49","date_gmt":"2017-09-22T14:11:49","guid":{"rendered":"http:\/\/essentiallymoving.com\/?page_id=601"},"modified":"2026-01-06T15:42:20","modified_gmt":"2026-01-06T13:42:20","slug":"ueber-resonance-experience","status":"publish","type":"page","link":"https:\/\/essentiallymoving.com\/de\/","title":{"rendered":"\u00dcber meine Arbeit"},"content":{"rendered":"\n<p><strong>Hallo! Ich bin Valerie Hartwich, psychosomatische&nbsp;<a href=\"http:\/\/essentiallymoving.com\/massage-and-yoga\/massage\/\">Coach<\/a>,&nbsp;<a href=\"http:\/\/essentiallymoving.com\/massage-and-yoga\/yoga\/\">Yoga Lehrerin<\/a> und <a href=\"https:\/\/essentiallymoving.com\/workshops-retreats\/\" data-type=\"page\" data-id=\"307\">Trainerin<\/a>. <\/strong><\/p>\n\n\n\n<p>Ich praktiziere und unterrichte eine verk\u00f6rperte, nicht-dogmatische Spiritualit\u00e4t f\u00fcr mehr Gelassenheit und Selbstwirksamkeit . Ich biete Gruppen Kurse (auch Business Yoga), Workshops\/Retreats, sowohl wie auch einzeln Sitzungen an. <\/p>\n\n\n\n<p>Ich verstehe meine Arbeit als Zusammenarbeit, die, zwischen Sitzungen, danke einfache Werkzeuge, weiterentfalten werden kann. <\/p>\n\n\n\n<p>Da ich flie\u00dfend Englisch\/Deutsch\/Franz\u00f6sisch\/Portugiesisch spreche, ist Sprache keine Barriere !<\/p>\n\n\n\n<p>Durch die Verbindung meiner akademischen Studien (siehe unten) mit meine Yoga und psychosomatische bezogene Weiterbildungen, habe ich in verschiedene Kontexten meine Arbeit ausf\u00fchren d\u00fcrfen: Yoga Studios, Unternehmen, psychiatrische Klinik (Oberberg Klinik, 03.2024 &#8211; 07.2025), Pflegeheim und Gefl\u00fcchtete Unterk\u00fcnfte. Ich habe es geliebt meine Expertise an unterschiedliche Kontexte anzupassen.<\/p>\n\n\n\n<p><\/p>\n\n\n\n<p><strong>Ich helfe Dir mehr Freude, Handelskraft und Selbstbestimmung in Dein Leben zu gewinnen :<\/strong><\/p>\n\n\n\n<ul>\n<li>In dem wir die Muster enth\u00fcllen, die Dich blockieren, und, durch einfache Werkzeuge, \u00c4nderung erzeugen.<\/li>\n\n\n\n<li>In dem ich Dir helfe dein Kernwerte zu verstehen.<\/li>\n\n\n\n<li>In dem ich Dir helfe diese Schritte als Bausteine einer bodenst\u00e4ndige Spiritualit\u00e4t zu machen.&nbsp;<\/li>\n<\/ul>\n\n\n\n<p><strong>Wir werden gut zusammenarbeiten, wenn&nbsp;f\u00fcr Dich&nbsp;Spiritualit\u00e4t folgendes auch entspricht :<\/strong><\/p>\n\n\n\n<ul>\n<li><strong>eine Forschung des Menschsein, individuell wie auch kollektiv,<\/strong><\/li>\n\n\n\n<li><strong>eine Praxis um harmonischer an der Welt teilzunehmen.<\/strong><\/li>\n<\/ul>\n\n\n\n<h3 class=\"wp-block-heading\">Neugierig?<\/h3>\n\n\n\n<p>Schreib mich an unter <em><a href=\"mailto:valerie@essentiallymoving.com\">valerie@essentiallymoving.com<\/a><\/em>, besonders f\u00fcr private Yoga Sitzungen oder Coaching .<\/p>\n\n\n\n<div class=\"wp-block-group is-layout-constrained wp-block-group-is-layout-constrained\">\n<p>Du kannst mein Ansatz ausprobieren, im Studio oder online <a href=\"http:\/\/essentiallymoving.com\/yoga\/\">YOGA MIT MIR BUCHEN<\/a>; oder mich auf mein <a href=\"https:\/\/www.youtube.com\/channel\/UC_YWiCGvSwUEDFMc4yxVh2g\">YouTube<\/a> Kanal erleben.<\/p>\n<\/div>\n\n\n\n<p><strong>Meine Ausbildungen<\/strong><\/p>\n\n\n\n<p>Mein Studium besteht aus ein Bachelor in science in Psychologie (Brunel, UK), ein Masters in Politische Philosophie (Paris 7, Frankreich), ein Masters in Soziologie der Macht (Paris 7, Frankreich), und ein Masters in Soziale Psychologie (LSE, UK).<\/p>\n\n\n\n<p>Ich bin ausgebildet in Vinyasa, Yin, Restoratives und Faszien Yoga (Daniela Meinl), und habe Weiterbildungskurse mit dem Boston justice center in Trauma center trauma sensitives Yoga (TCTSY), Tias Little, Annie Carpenter, Mollie McClelland, Bo Forbes abgeschlossen, und Yael Itzhak-Edan.<\/p>\n\n\n\n<figure class=\"wp-block-image aligncenter size-large\"><img loading=\"lazy\" decoding=\"async\" width=\"720\" height=\"480\" src=\"https:\/\/essentiallymoving.com\/app\/uploads\/Valerie8FINAL-720x480.jpg\" alt=\"\" class=\"wp-image-1279\" srcset=\"https:\/\/essentiallymoving.com\/app\/uploads\/Valerie8FINAL-720x480.jpg 720w, https:\/\/essentiallymoving.com\/app\/uploads\/Valerie8FINAL-360x240.jpg 360w, https:\/\/essentiallymoving.com\/app\/uploads\/Valerie8FINAL-768x512.jpg 768w\" sizes=\"(max-width: 720px) 100vw, 720px\" \/><\/figure>\n\n\n\n<p class=\"has-text-align-center\"><\/p>\n","protected":false},"excerpt":{"rendered":"<p>Hallo! Ich bin Valerie Hartwich, psychosomatische&nbsp;Coach,&nbsp;Yoga Lehrerin und Trainerin. Ich praktiziere und unterrichte eine verk\u00f6rperte, nicht-dogmatische Spiritualit\u00e4t f\u00fcr mehr Gelassenheit und Selbstwirksamkeit . Ich biete Gruppen Kurse (auch Business Yoga), Workshops\/Retreats, sowohl wie auch einzeln Sitzungen an. Ich verstehe meine Arbeit als Zusammenarbeit, die, zwischen Sitzungen, danke einfache Werkzeuge, weiterentfalten werden kann. Da ich flie\u00dfend&hellip;<\/p>\n","protected":false},"author":2,"featured_media":34,"parent":0,"menu_order":0,"comment_status":"closed","ping_status":"closed","template":"","meta":{"footnotes":""},"_links":{"self":[{"href":"https:\/\/essentiallymoving.com\/de\/wp-json\/wp\/v2\/pages\/601"}],"collection":[{"href":"https:\/\/essentiallymoving.com\/de\/wp-json\/wp\/v2\/pages"}],"about":[{"href":"https:\/\/essentiallymoving.com\/de\/wp-json\/wp\/v2\/types\/page"}],"author":[{"embeddable":true,"href":"https:\/\/essentiallymoving.com\/de\/wp-json\/wp\/v2\/users\/2"}],"replies":[{"embeddable":true,"href":"https:\/\/essentiallymoving.com\/de\/wp-json\/wp\/v2\/comments?post=601"}],"version-history":[{"count":8,"href":"https:\/\/essentiallymoving.com\/de\/wp-json\/wp\/v2\/pages\/601\/revisions"}],"predecessor-version":[{"id":1587,"href":"https:\/\/essentiallymoving.com\/de\/wp-json\/wp\/v2\/pages\/601\/revisions\/1587"}],"wp:featuredmedia":[{"embeddable":true,"href":"https:\/\/essentiallymoving.com\/de\/wp-json\/wp\/v2\/media\/34"}],"wp:attachment":[{"href":"https:\/\/essentiallymoving.com\/de\/wp-json\/wp\/v2\/media?parent=601"}],"curies":[{"name":"wp","href":"https:\/\/api.w.org\/{rel}","templated":true}]}}