{"id":613,"date":"2017-10-03T12:41:51","date_gmt":"2017-10-03T10:41:51","guid":{"rendered":"http:\/\/essentiallymoving.com\/?page_id=613"},"modified":"2023-09-06T16:29:13","modified_gmt":"2023-09-06T14:29:13","slug":"massage","status":"publish","type":"page","link":"https:\/\/essentiallymoving.com\/de\/massage\/","title":{"rendered":"K\u00f6rper-\/ Psychosomatiche Arbeit"},"content":{"rendered":"\n<h3 class=\"wp-block-heading\">Angebote Therapeutische Behandlungen<\/h3>\n\n\n\n<ul>\n<li>Tiefe Bindegewebe Massage<\/li>\n\n\n\n<li>Holistische \/ ganzheitliche Entspannungsmassage<\/li>\n\n\n\n<li>Myofascial release<\/li>\n\n\n\n<li>Lymph Drainage<\/li>\n\n\n\n<li>Intuitive Massage<\/li>\n\n\n\n<li>Atem\u00fcbungen<\/li>\n\n\n\n<li>Energetische Arbeit<\/li>\n\n\n\n<li>Psychosomatische Behandlung<\/li>\n<\/ul>\n\n\n\n<p>Meine Behandlungen helfen beim Entspannen, Wohlf\u00fchlen und dem Sinn f\u00fcr die gegenseitige Beeinflussung von K\u00f6rper, Emotionen, Gedanken und Gewohnheiten. Jede Sitzung ist anders und der Person und dem Moment angepasst &#8211; verschiedene Kombination von unterschiedlichen Methoden werden angewandt.<\/p>\n\n\n\n<p>Weil wir langfristig zusammen ein Problem l\u00f6sen wollen, reicht Massieren allein nicht aus. Zusammen finden wir heraus, was zu den problematischen Zustand gef\u00fchrt hat: All diese unbewussten Verhaltensmuster, die uns aus unserem Gleichgewicht und unserer Ruhe bringen, sei es wie Du bei der Arbeit sitzt, wie Du schl\u00e4fst, deine repetitiven Gewohnheiten, Sport, oder was Du f\u00fchlst.<\/p>\n\n\n\n<p>Aus der Behandlung kommst Du offener heraus, mit mehr Lebenslust um deine Beziehungen zu genie\u00dfen, best\u00e4rkt durch Klarheit und durch praktische \u00dcbungen die Du im Alltag einfach einsetzen kannst, um deine Heilung zu vertiefen.<\/p>\n\n\n\n<p>Ich biete Behandlungen in meinem Studio N\u00e4he Treptower Park, oder im Yoga Sky in Kreuzberg an. Gerne bespreche ich auch Behandlungen in der bei dir zu Hause. Kontaktiere mich einfach.<\/p>\n\n\n\n\n\n\n<h3 class=\"wp-block-heading\">Preisliste<\/h3>\n\n\n\n<p>(F\u00fcr Hausbesuche gibt es eine zus\u00e4tzliche Reisegeb\u00fchr, die wir im Voraus vereinbaren)<\/p>\n\n\n\n<p>Preise sind auf eine Einkommensbasis gestufft. Sollten diese Preise Menschen ausschlie\u00dfen, die sich ehrlich f\u00fcr ihr Wohlbefinden engagieren wollen, k\u00f6nnen wir das besprechen. <a href=\"http:\/\/essentiallymoving.com\/contact\/\">Kontaktiere mich<\/a>.<\/p>\n\n\n\n<figure class=\"wp-block-table\"><table class=\"has-fixed-layout\"><thead><tr><th class=\"has-text-align-left\" data-align=\"left\">Price<\/th><th class=\"has-text-align-left\" data-align=\"left\">Duration<\/th><\/tr><\/thead><tbody><tr><td class=\"has-text-align-left\" data-align=\"left\">70\/80 \u20ac<\/td><td class=\"has-text-align-left\" data-align=\"left\">60 Minuten<\/td><\/tr><tr><td class=\"has-text-align-left\" data-align=\"left\">90\/100 \u20ac<\/td><td class=\"has-text-align-left\" data-align=\"left\">90 Minuten<\/td><\/tr><tr><td class=\"has-text-align-left\" data-align=\"left\">110\/120 \u20ac<\/td><td class=\"has-text-align-left\" data-align=\"left\">120 Minuten<\/td><\/tr><tr><td class=\"has-text-align-left\" data-align=\"left\">350\/400 \u20ac<\/td><td class=\"has-text-align-left\" data-align=\"left\">6 x Massagen (60 Minuten)<\/td><\/tr><tr><td class=\"has-text-align-left\" data-align=\"left\">450\/500\u20ac<\/td><td class=\"has-text-align-left\" data-align=\"left\">6 x Massagen (90 Minuten)<\/td><\/tr><tr><td class=\"has-text-align-left\" data-align=\"left\">550\/600\u20ac<\/td><td class=\"has-text-align-left\" data-align=\"left\">6 x Massagen (120 Minuten)<\/td><\/tr><\/tbody><\/table><\/figure>\n","protected":false},"excerpt":{"rendered":"<p>Angebote Therapeutische Behandlungen Meine Behandlungen helfen beim Entspannen, Wohlf\u00fchlen und dem Sinn f\u00fcr die gegenseitige Beeinflussung von K\u00f6rper, Emotionen, Gedanken und Gewohnheiten. Jede Sitzung ist anders und der Person und dem Moment angepasst &#8211; verschiedene Kombination von unterschiedlichen Methoden werden angewandt. Weil wir langfristig zusammen ein Problem l\u00f6sen wollen, reicht Massieren allein nicht aus. Zusammen&hellip;<\/p>\n","protected":false},"author":1,"featured_media":0,"parent":0,"menu_order":0,"comment_status":"closed","ping_status":"closed","template":"","meta":{"footnotes":""},"_links":{"self":[{"href":"https:\/\/essentiallymoving.com\/de\/wp-json\/wp\/v2\/pages\/613"}],"collection":[{"href":"https:\/\/essentiallymoving.com\/de\/wp-json\/wp\/v2\/pages"}],"about":[{"href":"https:\/\/essentiallymoving.com\/de\/wp-json\/wp\/v2\/types\/page"}],"author":[{"embeddable":true,"href":"https:\/\/essentiallymoving.com\/de\/wp-json\/wp\/v2\/users\/1"}],"replies":[{"embeddable":true,"href":"https:\/\/essentiallymoving.com\/de\/wp-json\/wp\/v2\/comments?post=613"}],"version-history":[{"count":3,"href":"https:\/\/essentiallymoving.com\/de\/wp-json\/wp\/v2\/pages\/613\/revisions"}],"predecessor-version":[{"id":1432,"href":"https:\/\/essentiallymoving.com\/de\/wp-json\/wp\/v2\/pages\/613\/revisions\/1432"}],"wp:attachment":[{"href":"https:\/\/essentiallymoving.com\/de\/wp-json\/wp\/v2\/media?parent=613"}],"curies":[{"name":"wp","href":"https:\/\/api.w.org\/{rel}","templated":true}]}}