{"id":626,"date":"2017-10-03T18:15:23","date_gmt":"2017-10-03T16:15:23","guid":{"rendered":"http:\/\/essentiallymoving.com\/?page_id=626"},"modified":"2023-07-27T14:08:10","modified_gmt":"2023-07-27T12:08:10","slug":"empfehlunsschreiben","status":"publish","type":"page","link":"https:\/\/essentiallymoving.com\/de\/empfehlunsschreiben\/","title":{"rendered":"Was Leute \u00fcber meine Arbeit sagen"},"content":{"rendered":"<style>.kt-tabs-id_ea8071-38 > .kt-tabs-content-wrap > .wp-block-kadence-tab{border-top:1px solid #EFE5DF;border-right:1px solid #EFE5DF;border-bottom:1px solid #EFE5DF;border-left:1px solid #EFE5DF;border-top-left-radius:0px;border-top-right-radius:0px;border-bottom-right-radius:0px;border-bottom-left-radius:0px;padding-top:var(--global-kb-spacing-sm, 1.5rem);padding-right:var(--global-kb-spacing-sm, 1.5rem);padding-bottom:var(--global-kb-spacing-sm, 1.5rem);padding-left:var(--global-kb-spacing-sm, 1.5rem);background:var(--global-palette9, #ffffff);}.wp-block-kadence-tabs .kt-tabs-id_ea8071-38 > .kt-tabs-title-list li{margin-top:0px;margin-right:8px;margin-bottom:-1px;margin-left:0px;}.wp-block-kadence-tabs .kt-tabs-id_ea8071-38 > .kt-tabs-title-list li .kt-tab-title, .wp-block-kadence-tabs .kt-tabs-id_ea8071-38 > .kt-tabs-content-wrap > .kt-tabs-accordion-title .kt-tab-title{font-size:1.1em;line-height:1.4em;font-weight:regular;font-style:normal;border-top-width:1px;border-right-width:1px;border-bottom-width:0px;border-left-width:1px;border-top-left-radius:4px;border-top-right-radius:4px;border-bottom-right-radius:0px;border-bottom-left-radius:0px;padding-top:8px;padding-right:20px;padding-bottom:8px;padding-left:20px;border-color:#EFE5DF;color:var(--global-palette5, #444444);background:#EFE5DF;}.wp-block-kadence-tabs .kt-tabs-id_ea8071-38 > .kt-tabs-title-list li .kt-tab-title:hover, .wp-block-kadence-tabs .kt-tabs-id_ea8071-38 > .kt-tabs-content-wrap > .kt-tabs-accordion-title .kt-tab-title:hover{border-color:#EFE5DF;color:#F23E28;background:#EFE5DF;}.wp-block-kadence-tabs .kt-tabs-id_ea8071-38 > .kt-tabs-title-list li.kt-tab-title-active .kt-tab-title, .wp-block-kadence-tabs .kt-tabs-id_ea8071-38 > .kt-tabs-content-wrap > .kt-tabs-accordion-title.kt-tab-title-active .kt-tab-title{border-color:#EFE5DF;color:var(--global-palette5, #444444);background:var(--global-palette9, #ffffff);}@media all and (max-width: 1024px){.kt-tabs-id_ea8071-38 > .kt-tabs-content-wrap > .wp-block-kadence-tab{border-top:1px solid #EFE5DF;border-right:1px solid #EFE5DF;border-bottom:1px solid #EFE5DF;border-left:1px solid #EFE5DF;}}@media all and (max-width: 767px){.kt-tabs-id_ea8071-38 > .kt-tabs-content-wrap > .wp-block-kadence-tab{border-top:1px solid #EFE5DF;border-right:1px solid #EFE5DF;border-bottom:1px solid #EFE5DF;border-left:1px solid #EFE5DF;}}<\/style>\n<div class=\"wp-block-kadence-tabs alignnone\"><div class=\"kt-tabs-wrap kt-tabs-id_ea8071-38 kt-tabs-has-2-tabs kt-active-tab-1 kt-tabs-layout-tabs kt-tabs-tablet-layout-inherit kt-tabs-mobile-layout-inherit kt-tab-alignment-left \"><ul class=\"kt-tabs-title-list\"><li id=\"tab-yoga\" class=\"kt-title-item kt-title-item-1 kt-tabs-svg-show-always kt-tabs-icon-side-right kt-tab-title-active\"><a href=\"#tab-yoga\" data-tab=\"1\" class=\"kt-tab-title kt-tab-title-1 \"><span class=\"kt-title-text\">Yoga<\/span><\/a><\/li><li id=\"tab-massage\" class=\"kt-title-item kt-title-item-2 kt-tabs-svg-show-always kt-tabs-icon-side-right kt-tab-title-inactive\"><a href=\"#tab-massage\" data-tab=\"2\" class=\"kt-tab-title kt-tab-title-2 \"><span class=\"kt-title-text\">Massage<\/span><\/a><\/li><\/ul><div class=\"kt-tabs-content-wrap\">\n<div class=\"wp-block-kadence-tab kt-tab-inner-content kt-inner-tab-1 kt-inner-tab_dde5be-7b\"><div class=\"kt-tab-inner-content-inner\">\n<h2 class=\"wp-block-heading\">Yoga<\/h2>\n\n\n\n<p>&#8216;Die Yogastunden werden durch unterschiedliche Schwerpunkte und Konzentration auf K\u00f6rperbereiche interessant und abwechslungsreich gestaltet. Ich empfinde die Art der Anleitung sowohl beruhigend als auch sehr aufmerksam, da neben der Gruppenbetreuuung auch immer wieder pers\u00f6nliche Korrekturen der Positionen bei mir vorgenommen werden. Val\u00e9rie geht auf unsere W\u00fcnsche ein und widmet sich selbst nach der Stunde noch um Anliegen im pers\u00f6nlichen Austausch. Ich empfinde bei ihr eine angenehm ruhige und sanfte Art, bei der ich mich sehr wohl f\u00fchle. Das nebst der K\u00f6rperarbeit auch Emotionen ans Licht kommen, f\u00f6rdert mich in meiner Entwicklung und bei einem stressigen Tag bin ich nach der Stunde viel mehr bei mir. Ich kann Val\u00e9ries Unterricht w\u00e4rmstens weiterempfehlen.&#8221; &#8211; Judith<\/p>\n\n\n\n<p>&#8220;<em>Ich genie\u00dfe meine Yoga Stunden mit Val\u00e9rie vollkommen und freue mich jede Woche drauf. Wer Yoga mit ihr noch nicht erlebt hat &#8211; ihr m\u00fcsst hin, eure K\u00f6rper und Seelen werden es euch danken! W\u00e4hrend ihren Stunden f\u00fchle ich mich ganz woanders, entspannt, ruhig und sorgenlos. Und da es w\u00f6chentlich in meinem Arbeitsgeb\u00e4ude stattfindet, ist dies ein Luxus den ich mir immer g\u00f6nne<\/em>.&#8221; &#8211; Nick<\/p>\n\n\n\n<p>&#8220;Ich wurde valeried. Das hei\u00dft entspannt, beruhigt, mein K\u00f6rper hat sich achtsam, mit tiefer und sanfter Wahrnehmung bewegt, und ich k\u00f6nnte jetzt ins Bett gehen, um die Woche frisch anzufangen.&#8221; &#8211; Andrew<\/p>\n\n\n\n<p>&#8220;<em>Valerie hat eine tief entwickelte Intuition, dank der sie ma\u00dfgeschneiderten Yoga Unterricht f\u00fcr mich kreiert, der mein Leben ver\u00e4ndert hat. Dank ihrer Vorbereitungsarbeit konnte ich meine k\u00f6rperlichen und emotionalen Kr\u00e4fte zur\u00fcck gewinnen. Ohne jemals Druck zu machen &#8211; rein durch ihre Art &#8211; habe ich vieles Wertvolles gelernt: Akzeptanz, Pr\u00e4senz, Geduld und Liebe. Sie bestand auch drauf, und es gelang ihr mir den Weg der Selbstheilung beizubringen, ein unbezahlbares und wunderbares Werkzeug.<\/em> &#8221; Marta<\/p>\n\n\n\n<p>&#8220;Es ist so toll vor Ort hier bei Ugli Yoga Kurse zu haben &#8211; es ist mein kleines St\u00fcck Paradies, auf das ich mich am Ende der Woche freue. Unsere Lehrerin Valerie ist wunderbar &#8211; eine echte Kombination aus K\u00f6rper, Geist und Seele &#8211; f\u00fcr mich perfekt. Ich verlasse die Stunde tief entspannt, erfrischt und f\u00fcr alles bereit.&#8221; &#8211; Kate<\/p>\n\n\n\n<p>&#8220;<em>Ich f\u00fchle mich immer als h\u00e4tte ich eine Ganzk\u00f6rpermassage bekommen. Meine Schultern haben sich nie so toll angef\u00fchlt. Valerie mischt ihre Yoga und Massage Praxis auf eine wundersch\u00f6ne Art.<\/em>&#8221; &#8211; Jo<\/p>\n\n\n\n<p>&#8220;Ich genie\u00dfe jede Minute unserer Yoga Stunden! Dank Val\u00e9rie habe ich wahrgenommen das Yoga nicht nur ein workout ist &#8211; es geht darum mit sich selbst zu arbeiten. Sie ist eine tolle Lehrerin, mit eine ungew\u00f6hnliche positive Ausstrahlung! Ich f\u00fchle mich sehr friedvoll und entspannt nach jeder Stunde.&#8221; &#8211; Elodie<\/p>\n\n\n\n<p>&#8220;<em>Ganz am Anfang war ich unsicher ob Yoga was f\u00fcr mich ist. Ich hatte keine gro\u00dfe Erwartungen, aber hab es trotzdem probiert. Ich bin so froh dass ich das tat, denn es \u00e4ndert, wie ich mich f\u00fchle nach ein langem, anstrengenden Tag! Und jetzt freue ich mich jede Woche drauf, denn ich f\u00fchle mich so toll danach&#8230; ich brauche das!<\/em>&#8221; &#8211; Lily<\/p>\n<\/div><\/div>\n\n\n\n<div class=\"wp-block-kadence-tab kt-tab-inner-content kt-inner-tab-2 kt-inner-tab_3e8480-e0\"><div class=\"kt-tab-inner-content-inner\">\n<h2 class=\"wp-block-heading\">Massage<\/h2>\n\n\n\n<p>&#8220;Val\u00e9ries Behandlungen sind tiefst n\u00e4hrend. Sie ist eine sehr intuitive und begabte Heilerin, deren Arbeit von ihrer starken Mitgef\u00fchl- und Wahrnehmungsgabe getrieben wird. Ich habe Sie bei einem ihrer gro\u00dfartigen Stress und Spannung Loslassen Workshops kennengelernt, und habe sofort gesp\u00fcrt dass sie eine heilende Pr\u00e4senz in meinem Leben sein w\u00fcrde. Die K\u00f6rperarbeit mit Valerie hat grundliegende Ver\u00e4nderungen in mir erm\u00f6glicht Dank dem Loslassen von lang unterdr\u00fcckten Gef\u00fchlen, und die Entwicklung von Mitgef\u00fchl f\u00fcr mich selbst, sowie die Einf\u00fchrung von neuen, selbstschonenden Gewohnheiten.&#8221; &#8211; Ruth<\/p>\n\n\n\n<p>&#8220;<em>Als ich beim ersten Mal Valerie traf ging es mir k\u00f6rperlich und emotional sehr schlecht. Ihre erste Behandlung war schmerzlindernd auf beide Ebenen, viel mehr als ich es f\u00fcr m\u00f6glich gehalten hatte. So sehr, dass ich am Ende der Behandlung k\u00f6rperlich nur noch Gl\u00fcckseligkeit sp\u00fcrte. Zum ersten Mal seit einer langen Weile hatte ich keine Schmerzen. Dies Gef\u00fchl ist heute noch immer so klar, denn Befreiung von chronischen Schmerzen vergisst man nicht.<\/em>&#8221; Marta<\/p>\n\n\n\n<p>&#8220;Einige Dankesworte f\u00fcr Ihre Hilfe und Unterst\u00fctzung dieses Jahr. Ich bin sehr dankbar. Viel von dem was w\u00e4hrend meine Behandlungen stattfand hat mir sehr geholfen meinen K\u00f6rper, und was da verk\u00f6rpert worden ist, besser zu verstehen.&#8221; Amber<\/p>\n\n\n\n<p>&#8220;<em>Oh meine G\u00fcte&#8230; Erstmal, nochmal vielen Dank. Ich habe noch nie eine Massage wie die gestrige erlebt. Nachdem ich ging, konnte ich sp\u00fcren wir mein Nacken sich l\u00e4nger anf\u00fchlte, und meine Schultern als seien sie 10 Centimeter tiefer gesunken! Ich habe so tief entspannt geschlafen. Und ich habe die \u00dcbungen eingesetzt. Heute merkte ich beim \u00dcben deutlich wie Emotionen aufkamen, und wie erleichternd das war! F\u00fcr Sie wird das nichts \u00dcberraschendes sein, f\u00fcr mich aber doch! Ich mache auf jeden Fall weiter&#8230;<\/em> &#8221; &#8211; Rachel<\/p>\n\n\n\n<p>&#8220;Ich habe viele tiefe Bindegewebemassagen von Valerie bekommen. Ihr kr\u00e4ftiger Druck, verbunden mit ihrem kenntnisreichen und intuitiven Ansatz haben geholfen Genick- und Schulterspannung zu mindern, meine Knie und H\u00fcften zu lockern, und allgemein mein Wohlgef\u00fchl\/meine Flexibilit\u00e4t zu verbessern. Ihre Yoga Kenntnisse waren auch sehr hilfreich. Ich freue mich auf jede Behandlung, und empfehle jedem ihre Behandlungen.&#8221; &#8211; Chris<\/p>\n\n\n\n<p>&#8220;<em>Ich habe mich, dank Valeries warmer und freundlicher Natur sofort wohl und in sicheren H\u00e4nde gef\u00fchlt! Sie kommuniziert aus echter F\u00fcrsorge, und ihre Kenntnis und Leidenschaft f\u00fcr ihre Arbeit sind offensichtlich. Ich kam zu ihr wegen nervender Nackenschmerzen, die sie losmassierte. Valerie arbeitet sich durch zur Erl\u00f6sung, ermutigt, loszulassen, w\u00e4hrend ihre Magie wirkt. Nach der Behandlung f\u00fchlte ich mich friedvoll und erleichtert, besonders im Nacken. Ich freue mich sehr auf meine zuk\u00fcnftige Massage f\u00fcr meine anderen Problemstellen!<\/em>&#8221; &#8211; Nathalie<\/p>\n\n\n\n<p>&#8220;Valerie ist eine UNGLAUBLICHE Massagetherapeutin! Ihr Fachkenntnis in Physiologie, energetischer Anatomie und ihre Bandbreite findet man selten! Wenn ich eine richtig stressl\u00f6sende, erfrischende &amp; energieauftankende Massage will gehe ich zur ihr. Ich empfehle sie w\u00e4rmstens.&#8221; &#8211; Sean<\/p>\n\n\n\n<p>&#8220;<em>Valerie hat mich sehr unterst\u00fctzt. Sie war im Einklang mit dem was ich brauchte, gab mir Raum und Richtlinien damit ich mich selbst heilen konnte. Ihre Gabe, die genauen Stellen, an denen gearbeitet werden musste zu lokalisieren, hie\u00df, dass ich die Arbeit zwischen Behandlungen selbst weiterf\u00fchren konnte. Ich w\u00fcrde Sie jedem empfehlen.<\/em>&#8221; &#8211; Samm<\/p>\n\n\n\n<p>&#8220;Ich habe eine Behandlung mit Valerie gehabt und bin ehrlich gespannt auf die N\u00e4chste. Normalerweise kann ich mich kaum entspannen, sodass es Therapeuten schwer f\u00e4llt, mich gut zu massieren, aber Valerie war wunderbar. Nicht nur hat sie die richtige Technik eingesetzt, sie sp\u00fcrte auch wie es ankam, sodass sie genau f\u00fchlen konnte was zum richtigen Punkt n\u00f6tig war. Ich kann sie w\u00e4rmstens empfehlen.&#8221; &#8211; Barbara<\/p>\n\n\n\n<p>&#8220;<em>Meine Behandlung mit Valerie war purer Genuss. Da knetete sie mein Leib wie ein Bildhauer Tonerde, hier wie eine Mutter sanft r\u00fchrend, immer angepasst zu dem was verschiedene K\u00f6rperteile brauchten. Als mein Fu\u00df sich ohne Grund verkrampfte lie\u00df sie sich nicht abschrecken und fand sofort die richtige Art es zu entspannen &#8211; eine seltene Gabe. Am Ende der Behandlung sp\u00fcrte ich tiefe Entspannung und eine tiefere Verbindung zu meinem K\u00f6rper.<\/em>&#8221; &#8211; Justine<\/p>\n<\/div><\/div>\n<\/div><\/div><\/div>\n","protected":false},"excerpt":{"rendered":"","protected":false},"author":1,"featured_media":0,"parent":0,"menu_order":0,"comment_status":"closed","ping_status":"closed","template":"","meta":{"footnotes":""},"_links":{"self":[{"href":"https:\/\/essentiallymoving.com\/de\/wp-json\/wp\/v2\/pages\/626"}],"collection":[{"href":"https:\/\/essentiallymoving.com\/de\/wp-json\/wp\/v2\/pages"}],"about":[{"href":"https:\/\/essentiallymoving.com\/de\/wp-json\/wp\/v2\/types\/page"}],"author":[{"embeddable":true,"href":"https:\/\/essentiallymoving.com\/de\/wp-json\/wp\/v2\/users\/1"}],"replies":[{"embeddable":true,"href":"https:\/\/essentiallymoving.com\/de\/wp-json\/wp\/v2\/comments?post=626"}],"version-history":[{"count":2,"href":"https:\/\/essentiallymoving.com\/de\/wp-json\/wp\/v2\/pages\/626\/revisions"}],"predecessor-version":[{"id":1406,"href":"https:\/\/essentiallymoving.com\/de\/wp-json\/wp\/v2\/pages\/626\/revisions\/1406"}],"wp:attachment":[{"href":"https:\/\/essentiallymoving.com\/de\/wp-json\/wp\/v2\/media?parent=626"}],"curies":[{"name":"wp","href":"https:\/\/api.w.org\/{rel}","templated":true}]}}